    

    {"id":209506,"date":"2022-12-13T05:40:23","date_gmt":"2022-12-13T10:40:23","guid":{"rendered":"https:\/\/detectalz.com\/sobre\/"},"modified":"2023-04-13T07:58:21","modified_gmt":"2023-04-13T11:58:21","slug":"sobre","status":"publish","type":"page","link":"https:\/\/detectalz.com\/es\/sobre\/","title":{"rendered":"Sobre"},"content":{"rendered":"\t\t<div data-elementor-type=\"wp-post\" data-elementor-id=\"209506\" class=\"elementor elementor-209506 elementor-208577\" data-elementor-post-type=\"page\">\n\t\t\t\t\t\t<section class=\"elementor-section elementor-top-section elementor-element elementor-element-3aebb13 insidepage-bg elementor-section-full_width elementor-section-height-default elementor-section-height-default\" data-id=\"3aebb13\" data-element_type=\"section\" data-e-type=\"section\" data-settings=\"{&quot;background_background&quot;:&quot;video&quot;,&quot;background_play_on_mobile&quot;:&quot;yes&quot;,&quot;background_video_link&quot;:&quot;https:\\\/\\\/detectalz.com\\\/wp-content\\\/uploads\\\/2022\\\/11\\\/Detect-Animated-Video-Background-Patient-Toolkit-221115.mp4&quot;}\">\n\t\t\t\t\t\t\t\t<div class=\"elementor-background-video-container\">\n\t\t\t\t\t\t\t\t\t\t\t\t\t<video class=\"elementor-background-video-hosted\" role=\"presentation\" autoplay muted playsinline loop><\/video>\n\t\t\t\t\t\t\t\t\t\t\t<\/div>\n\t\t\t\t\t\t\t\t\t<div class=\"elementor-background-overlay\"><\/div>\n\t\t\t\t\t\t\t<div class=\"elementor-container elementor-column-gap-no\">\n\t\t\t\t\t<div class=\"elementor-column elementor-col-100 elementor-top-column elementor-element elementor-element-a0826fe\" data-id=\"a0826fe\" data-element_type=\"column\" data-e-type=\"column\" data-settings=\"{&quot;background_background&quot;:&quot;classic&quot;}\">\n\t\t\t<div class=\"elementor-widget-wrap elementor-element-populated\">\n\t\t\t\t\t\t<section class=\"elementor-section elementor-inner-section elementor-element elementor-element-bc329af elementor-section-boxed elementor-section-height-default elementor-section-height-default\" data-id=\"bc329af\" data-element_type=\"section\" data-e-type=\"section\" data-settings=\"{&quot;background_background&quot;:&quot;video&quot;}\">\n\t\t\t\t\t\t<div class=\"elementor-container elementor-column-gap-default\">\n\t\t\t\t\t<div class=\"elementor-column elementor-col-100 elementor-inner-column elementor-element elementor-element-2670be9\" data-id=\"2670be9\" data-element_type=\"column\" data-e-type=\"column\" data-settings=\"{&quot;background_background&quot;:&quot;classic&quot;}\">\n\t\t\t<div class=\"elementor-widget-wrap elementor-element-populated\">\n\t\t\t\t\t\t<div class=\"elementor-element elementor-element-ec45af8 video-container elementor-widget elementor-widget-html\" data-id=\"ec45af8\" data-element_type=\"widget\" data-e-type=\"widget\" data-widget_type=\"html.default\">\n\t\t\t\t<div class=\"elementor-widget-container\">\n\t\t\t\t\t<video width=\"100%\" height=\"300\" autoplay=\"\" loop=\"\" muted=\"\" playsinline=\"\">\n<source src=\"https:\/\/detectalz.com\/wp-content\/uploads\/2022\/12\/AD-Rapid-Referral.mp4\" type=\"video\/mp4; codecs=\"hvc1\"\">\n<source src=\"https:\/\/detectalz.com\/wp-content\/uploads\/2022\/12\/AD-Rapid-Referral.webm\" type=\"video\/webm\">\n<\/source><\/source><\/video>\t\t\t\t<\/div>\n\t\t\t\t<\/div>\n\t\t\t\t\t<\/div>\n\t\t<\/div>\n\t\t\t\t\t<\/div>\n\t\t<\/section>\n\t\t\t\t<section class=\"elementor-section elementor-inner-section elementor-element elementor-element-f4efea5 elementor-section-boxed elementor-section-height-default elementor-section-height-default\" data-id=\"f4efea5\" data-element_type=\"section\" data-e-type=\"section\">\n\t\t\t\t\t\t<div class=\"elementor-container elementor-column-gap-default\">\n\t\t\t\t\t<div class=\"elementor-column elementor-col-100 elementor-inner-column elementor-element elementor-element-1237957\" data-id=\"1237957\" data-element_type=\"column\" data-e-type=\"column\" data-settings=\"{&quot;background_background&quot;:&quot;classic&quot;}\">\n\t\t\t<div class=\"elementor-widget-wrap elementor-element-populated\">\n\t\t\t\t\t\t<div class=\"elementor-element elementor-element-f40f656 elementor-widget elementor-widget-spacer\" data-id=\"f40f656\" data-element_type=\"widget\" data-e-type=\"widget\" data-widget_type=\"spacer.default\">\n\t\t\t\t<div class=\"elementor-widget-container\">\n\t\t\t\t\t\t\t<div class=\"elementor-spacer\">\n\t\t\t<div class=\"elementor-spacer-inner\"><\/div>\n\t\t<\/div>\n\t\t\t\t\t\t<\/div>\n\t\t\t\t<\/div>\n\t\t\t\t<div class=\"elementor-element elementor-element-2b4a561 elementor-widget elementor-widget-heading\" data-id=\"2b4a561\" data-element_type=\"widget\" data-e-type=\"widget\" data-widget_type=\"heading.default\">\n\t\t\t\t<div class=\"elementor-widget-container\">\n\t\t\t\t\t<h2 class=\"elementor-heading-title elementor-size-default\">DETECT: Una iniciativa de colaboraci\u00f3n para la enfermedad de Alzheimer temprana <\/h2>\t\t\t\t<\/div>\n\t\t\t\t<\/div>\n\t\t\t\t<div class=\"elementor-element elementor-element-eed22b2 elementor-widget elementor-widget-text-editor\" data-id=\"eed22b2\" data-element_type=\"widget\" data-e-type=\"widget\" data-widget_type=\"text-editor.default\">\n\t\t\t\t<div class=\"elementor-widget-container\">\n\t\t\t\t\t\t\t\t\t<p>DETECT es un recurso integral en l\u00ednea para que los m\u00e9dicos y los pacientes aprendan m\u00e1s sobre la enfermedad de Alzheimer (AD, por sus siglas en ingl\u00e9s). El reconocimiento temprano y el diagn\u00f3stico oportuno de la AD son esenciales para facilitar la planificaci\u00f3n a largo plazo, los cambios en el estilo de vida y los enfoques de tratamiento individualizados para esta demencia neurodegenerativa. Nuestro objetivo es promover la detecci\u00f3n temprana de la AD y concientizar sobre los beneficios asociados con su diagn\u00f3stico temprano y el inicio r\u00e1pido de la atenci\u00f3n multidisciplinaria. Al reunir elementos clave sobre las herramientas de detecci\u00f3n cognitiva, as\u00ed como datos en evoluci\u00f3n sobre las terapias existentes o en investigaci\u00f3n para la AD, esperamos mejorar la atenci\u00f3n al paciente, la comunicaci\u00f3n, adem\u00e1s de la colaboraci\u00f3n, entre pacientes, personal encargado del cuidado y proveedores de atenci\u00f3n m\u00e9dica.<\/p>\n\t\t\t\t\t\t\t\t<\/div>\n\t\t\t\t<\/div>\n\t\t\t\t<div class=\"elementor-element elementor-element-d175a73 elementor-widget elementor-widget-heading\" data-id=\"d175a73\" data-element_type=\"widget\" data-e-type=\"widget\" data-widget_type=\"heading.default\">\n\t\t\t\t<div class=\"elementor-widget-container\">\n\t\t\t\t\t<h2 class=\"elementor-heading-title elementor-size-default\">Acerca de Med Learning Group<\/h2>\t\t\t\t<\/div>\n\t\t\t\t<\/div>\n\t\t\t\t<div class=\"elementor-element elementor-element-5c2eaa0 elementor-widget elementor-widget-image\" data-id=\"5c2eaa0\" data-element_type=\"widget\" data-e-type=\"widget\" data-widget_type=\"image.default\">\n\t\t\t\t<div class=\"elementor-widget-container\">\n\t\t\t\t\t\t\t\t\t\t\t\t\t\t\t<img fetchpriority=\"high\" decoding=\"async\" width=\"1024\" height=\"556\" src=\"https:\/\/detectalz.com\/wp-content\/uploads\/2022\/11\/MLG-Logo_2021-white--1024x556.png\" class=\"attachment-large size-large wp-image-209045\" alt=\"\" srcset=\"https:\/\/detectalz.com\/wp-content\/uploads\/2022\/11\/MLG-Logo_2021-white--1024x556.png 1024w, https:\/\/detectalz.com\/wp-content\/uploads\/2022\/11\/MLG-Logo_2021-white--300x163.png 300w, https:\/\/detectalz.com\/wp-content\/uploads\/2022\/11\/MLG-Logo_2021-white--768x417.png 768w, https:\/\/detectalz.com\/wp-content\/uploads\/2022\/11\/MLG-Logo_2021-white--1536x833.png 1536w, https:\/\/detectalz.com\/wp-content\/uploads\/2022\/11\/MLG-Logo_2021-white--2048x1111.png 2048w, https:\/\/detectalz.com\/wp-content\/uploads\/2022\/11\/MLG-Logo_2021-white--50x27.png 50w\" sizes=\"(max-width: 1024px) 100vw, 1024px\" \/>\t\t\t\t\t\t\t\t\t\t\t\t\t\t\t<\/div>\n\t\t\t\t<\/div>\n\t\t\t\t<div class=\"elementor-element elementor-element-2347254 elementor-widget elementor-widget-text-editor\" data-id=\"2347254\" data-element_type=\"widget\" data-e-type=\"widget\" data-widget_type=\"text-editor.default\">\n\t\t\t\t<div class=\"elementor-widget-container\">\n\t\t\t\t\t\t\t\t\t<p>Med Learning Group, una divisi\u00f3n de Ultimate Medical Academy, es una empresa de formaci\u00f3n m\u00e9dica acreditada y de servicio completo. Med Learning Group se enfoca en desarrollar e implementar educaci\u00f3n continua que mejore la capacidad de los profesionales de la salud para brindar una atenci\u00f3n \u00f3ptima a sus pacientes. Nuestro objetivo es proporcionar una educaci\u00f3n de gran calidad que est\u00e9 dise\u00f1ada para ofrecer el m\u00e1s alto nivel de resultados tanto para el paciente como para el profesional.<\/p>\n\t\t\t\t\t\t\t\t<\/div>\n\t\t\t\t<\/div>\n\t\t\t\t<div class=\"elementor-element elementor-element-eab805c elementor-widget elementor-widget-spacer\" data-id=\"eab805c\" data-element_type=\"widget\" data-e-type=\"widget\" data-widget_type=\"spacer.default\">\n\t\t\t\t<div class=\"elementor-widget-container\">\n\t\t\t\t\t\t\t<div class=\"elementor-spacer\">\n\t\t\t<div class=\"elementor-spacer-inner\"><\/div>\n\t\t<\/div>\n\t\t\t\t\t\t<\/div>\n\t\t\t\t<\/div>\n\t\t\t\t\t<\/div>\n\t\t<\/div>\n\t\t\t\t\t<\/div>\n\t\t<\/section>\n\t\t\t\t\t<\/div>\n\t\t<\/div>\n\t\t\t\t\t<\/div>\n\t\t<\/section>\n\t\t\t\t<\/div>\n\t\t","protected":false},"excerpt":{"rendered":"<p>DETECT: Una iniciativa de colaboraci\u00f3n para la enfermedad de Alzheimer temprana DETECT es un recurso integral en l\u00ednea para que los m\u00e9dicos y los pacientes aprendan m\u00e1s sobre la enfermedad de Alzheimer (AD, por sus siglas en ingl\u00e9s). El reconocimiento temprano y el diagn\u00f3stico oportuno de la AD son esenciales para facilitar la planificaci\u00f3n a [&hellip;]<\/p>\n","protected":false},"author":6,"featured_media":0,"parent":0,"menu_order":0,"comment_status":"closed","ping_status":"closed","template":"","meta":{"_acf_changed":false,"inline_featured_image":false,"site-sidebar-layout":"no-sidebar","site-content-layout":"page-builder","ast-site-content-layout":"default","site-content-style":"default","site-sidebar-style":"default","ast-global-header-display":"","ast-banner-title-visibility":"","ast-main-header-display":"","ast-hfb-above-header-display":"","ast-hfb-below-header-display":"","ast-hfb-mobile-header-display":"","site-post-title":"","ast-breadcrumbs-content":"","ast-featured-img":"disabled","footer-sml-layout":"","theme-transparent-header-meta":"default","adv-header-id-meta":"","stick-header-meta":"default","header-above-stick-meta":"","header-main-stick-meta":"","header-below-stick-meta":"","astra-migrate-meta-layouts":"default","ast-page-background-enabled":"default","ast-page-background-meta":{"desktop":{"background-color":"","background-image":"","background-repeat":"repeat","background-position":"center center","background-size":"auto","background-attachment":"scroll","background-type":"","background-media":"","overlay-type":"","overlay-color":"","overlay-opacity":"","overlay-gradient":""},"tablet":{"background-color":"","background-image":"","background-repeat":"repeat","background-position":"center center","background-size":"auto","background-attachment":"scroll","background-type":"","background-media":"","overlay-type":"","overlay-color":"","overlay-opacity":"","overlay-gradient":""},"mobile":{"background-color":"","background-image":"","background-repeat":"repeat","background-position":"center center","background-size":"auto","background-attachment":"scroll","background-type":"","background-media":"","overlay-type":"","overlay-color":"","overlay-opacity":"","overlay-gradient":""}},"ast-content-background-meta":{"desktop":{"background-color":"var(--ast-global-color-5)","background-image":"","background-repeat":"repeat","background-position":"center center","background-size":"auto","background-attachment":"scroll","background-type":"","background-media":"","overlay-type":"","overlay-color":"","overlay-opacity":"","overlay-gradient":""},"tablet":{"background-color":"var(--ast-global-color-5)","background-image":"","background-repeat":"repeat","background-position":"center center","background-size":"auto","background-attachment":"scroll","background-type":"","background-media":"","overlay-type":"","overlay-color":"","overlay-opacity":"","overlay-gradient":""},"mobile":{"background-color":"var(--ast-global-color-5)","background-image":"","background-repeat":"repeat","background-position":"center center","background-size":"auto","background-attachment":"scroll","background-type":"","background-media":"","overlay-type":"","overlay-color":"","overlay-opacity":"","overlay-gradient":""}},"footnotes":""},"tags":[],"class_list":["post-209506","page","type-page","status-publish","hentry"],"acf":[],"yoast_head":"<!-- This site is optimized with the Yoast SEO plugin v27.5 - https:\/\/yoast.com\/product\/yoast-seo-wordpress\/ -->\n<title>Sobre - DETECT ALZHEIMERS<\/title>\n<meta name=\"description\" content=\"Desde la deteccion temprana de la EA y el diagnostico del DCL, hasta la concientizacion y la educacion.\" \/>\n<meta name=\"robots\" content=\"index, follow, max-snippet:-1, max-image-preview:large, max-video-preview:-1\" \/>\n<link rel=\"canonical\" href=\"https:\/\/detectalz.com\/es\/sobre\/\" \/>\n<meta property=\"og:locale\" content=\"es_ES\" \/>\n<meta property=\"og:type\" content=\"article\" \/>\n<meta property=\"og:title\" content=\"Sobre - DETECT ALZHEIMERS\" \/>\n<meta property=\"og:description\" content=\"Desde la deteccion temprana de la EA y el diagnostico del DCL, hasta la concientizacion y la educacion.\" \/>\n<meta property=\"og:url\" content=\"https:\/\/detectalz.com\/es\/sobre\/\" \/>\n<meta property=\"og:site_name\" content=\"DETECT ALZHEIMERS\" \/>\n<meta property=\"article:modified_time\" content=\"2023-04-13T11:58:21+00:00\" \/>\n<meta property=\"og:image\" content=\"https:\/\/detectalz.com\/wp-content\/uploads\/2022\/11\/MLG-Logo_2021-white--1024x556.png\" \/>\n<meta name=\"twitter:card\" content=\"summary_large_image\" \/>\n<meta name=\"twitter:label1\" content=\"Tiempo de lectura\" \/>\n\t<meta name=\"twitter:data1\" content=\"1 minuto\" \/>\n<!-- \/ Yoast SEO plugin. -->","yoast_head_json":{"title":"Sobre - DETECT ALZHEIMERS","description":"Desde la deteccion temprana de la EA y el diagnostico del DCL, hasta la concientizacion y la educacion.","robots":{"index":"index","follow":"follow","max-snippet":"max-snippet:-1","max-image-preview":"max-image-preview:large","max-video-preview":"max-video-preview:-1"},"canonical":"https:\/\/detectalz.com\/es\/sobre\/","og_locale":"es_ES","og_type":"article","og_title":"Sobre - DETECT ALZHEIMERS","og_description":"Desde la deteccion temprana de la EA y el diagnostico del DCL, hasta la concientizacion y la educacion.","og_url":"https:\/\/detectalz.com\/es\/sobre\/","og_site_name":"DETECT ALZHEIMERS","article_modified_time":"2023-04-13T11:58:21+00:00","og_image":[{"url":"https:\/\/detectalz.com\/wp-content\/uploads\/2022\/11\/MLG-Logo_2021-white--1024x556.png","type":"","width":"","height":""}],"twitter_card":"summary_large_image","twitter_misc":{"Tiempo de lectura":"1 minuto"},"schema":{"@context":"https:\/\/schema.org","@graph":[{"@type":"WebPage","@id":"https:\/\/detectalz.com\/es\/sobre\/","url":"https:\/\/detectalz.com\/es\/sobre\/","name":"Sobre - DETECT ALZHEIMERS","isPartOf":{"@id":"https:\/\/detectalz.com\/es\/#website"},"primaryImageOfPage":{"@id":"https:\/\/detectalz.com\/es\/sobre\/#primaryimage"},"image":{"@id":"https:\/\/detectalz.com\/es\/sobre\/#primaryimage"},"thumbnailUrl":"https:\/\/detectalz.com\/wp-content\/uploads\/2022\/11\/MLG-Logo_2021-white--1024x556.png","datePublished":"2022-12-13T10:40:23+00:00","dateModified":"2023-04-13T11:58:21+00:00","description":"Desde la deteccion temprana de la EA y el diagnostico del DCL, hasta la concientizacion y la educacion.","breadcrumb":{"@id":"https:\/\/detectalz.com\/es\/sobre\/#breadcrumb"},"inLanguage":"es","potentialAction":[{"@type":"ReadAction","target":["https:\/\/detectalz.com\/es\/sobre\/"]}]},{"@type":"ImageObject","inLanguage":"es","@id":"https:\/\/detectalz.com\/es\/sobre\/#primaryimage","url":"https:\/\/detectalz.com\/wp-content\/uploads\/2022\/11\/MLG-Logo_2021-white--1024x556.png","contentUrl":"https:\/\/detectalz.com\/wp-content\/uploads\/2022\/11\/MLG-Logo_2021-white--1024x556.png"},{"@type":"BreadcrumbList","@id":"https:\/\/detectalz.com\/es\/sobre\/#breadcrumb","itemListElement":[{"@type":"ListItem","position":1,"name":"Home","item":"https:\/\/detectalz.com\/es\/"},{"@type":"ListItem","position":2,"name":"Sobre"}]},{"@type":"WebSite","@id":"https:\/\/detectalz.com\/es\/#website","url":"https:\/\/detectalz.com\/es\/","name":"DETECT ALZHEIMERS","description":"DETECT","publisher":{"@id":"https:\/\/detectalz.com\/es\/#organization"},"potentialAction":[{"@type":"SearchAction","target":{"@type":"EntryPoint","urlTemplate":"https:\/\/detectalz.com\/es\/?s={search_term_string}"},"query-input":{"@type":"PropertyValueSpecification","valueRequired":true,"valueName":"search_term_string"}}],"inLanguage":"es"},{"@type":"Organization","@id":"https:\/\/detectalz.com\/es\/#organization","name":"Detect Alzheimer\u2019s","url":"https:\/\/detectalz.com\/es\/","logo":{"@type":"ImageObject","inLanguage":"es","@id":"https:\/\/detectalz.com\/es\/#\/schema\/logo\/image\/","url":"https:\/\/detectalz.com\/wp-content\/uploads\/2022\/11\/MLG-Logo_2021-white-.png","contentUrl":"https:\/\/detectalz.com\/wp-content\/uploads\/2022\/11\/MLG-Logo_2021-white-.png","width":2475,"height":1343,"caption":"Detect Alzheimer\u2019s"},"image":{"@id":"https:\/\/detectalz.com\/es\/#\/schema\/logo\/image\/"}}]}},"publishpress_future_action":{"enabled":false,"date":"2026-05-14 11:11:12","action":"change-status","newStatus":"draft","terms":[],"taxonomy":"post_tag","extraData":[]},"publishpress_future_workflow_manual_trigger":{"enabledWorkflows":[]},"_links":{"self":[{"href":"https:\/\/detectalz.com\/es\/wp-json\/wp\/v2\/pages\/209506","targetHints":{"allow":["GET"]}}],"collection":[{"href":"https:\/\/detectalz.com\/es\/wp-json\/wp\/v2\/pages"}],"about":[{"href":"https:\/\/detectalz.com\/es\/wp-json\/wp\/v2\/types\/page"}],"author":[{"embeddable":true,"href":"https:\/\/detectalz.com\/es\/wp-json\/wp\/v2\/users\/6"}],"replies":[{"embeddable":true,"href":"https:\/\/detectalz.com\/es\/wp-json\/wp\/v2\/comments?post=209506"}],"version-history":[{"count":0,"href":"https:\/\/detectalz.com\/es\/wp-json\/wp\/v2\/pages\/209506\/revisions"}],"wp:attachment":[{"href":"https:\/\/detectalz.com\/es\/wp-json\/wp\/v2\/media?parent=209506"}],"wp:term":[{"taxonomy":"post_tag","embeddable":true,"href":"https:\/\/detectalz.com\/es\/wp-json\/wp\/v2\/tags?post=209506"}],"curies":[{"name":"wp","href":"https:\/\/api.w.org\/{rel}","templated":true}]}}